{"id":480,"date":"0001-01-01T00:00:00","date_gmt":"0001-01-01T00:00:00","guid":{"rendered":"https:\/\/turgerlegal.de\/impressum\/"},"modified":"2026-04-01T13:02:31","modified_gmt":"2026-04-01T11:02:31","slug":"impressum","status":"publish","type":"page","link":"https:\/\/turgerlegal.de\/en\/impressum\/","title":{"rendered":"imprint"},"content":{"rendered":"","protected":false},"excerpt":{"rendered":"","protected":false},"author":1,"featured_media":7712,"parent":0,"menu_order":0,"comment_status":"closed","ping_status":"closed","template":"","meta":{"_acf_changed":false,"inline_featured_image":false,"footnotes":""},"class_list":["post-480","page","type-page","status-publish","has-post-thumbnail","hentry"],"acf":{"header_address.Content":"<div>10623 Berlin<\/div>\n<div>Uhlandstra&#223;e 20-25 (Aufgang 1)<\/div>","header_opening_hours.Content":"Mo. - Fr. 10:00 - 17:00","header_phone_number.Content":"<div><a href=\"tel: \">0176 77 87 11 78<br>24h Notfalltelefon<\/a><\/div>","child_entity.Value":"","001_page_meta.page_image10.Id":null,"001_page_meta.page_image9.Id":null,"001_page_meta.page_image8.Id":null,"001_page_meta.page_image7.Id":null,"001_page_meta.page_image6.Id":null,"001_page_meta.page_image5.Id":null,"001_page_meta.page_image4.Id":null,"001_page_meta.page_image3.Id":null,"001_page_meta.page_image2.Id":null,"001_page_meta.page_image1.Id":null,"0001_website_meta.site_logo.Id":458,"galleries_enabled.Value":"true","multi_language_maps_enabled.Value":"false","001_page_meta.featured_image_mobile.Id":7712,"001_page_meta.featured_image.Id":7713,"001_page_meta.content_image_3.Id":10,"001_page_meta.content_image_2.Id":459,"001_page_meta.content_image_1.Id":459,"parent_entity.Value":"","type_entity.Value":"","0001_website_meta.site_logo_inverted.Id":null,"02_hero_content.hero_image3.Id":null,"02_hero_content.image_hero_content3.Id":null,"02_hero_content.image_hero_content2.Id":null,"02_hero_content.image_hero_content1.Id":null,"heading_hero_benefit3.Content":"","heading_hero_benefit2.Content":"","heading_hero_benefit1.Content":"","heading_hero_slider.Content":"","02_hero_content.hero_image8.Id":null,"02_hero_content.hero_image7.Id":null,"02_hero_content.hero_image6.Id":null,"02_hero_content.hero_image5.Id":null,"02_hero_content.hero_image4.Id":null,"top_heading_hero.Content":"TURGERLEGAL - Expertise. Zuverl\u00e4ssigkeit. Einsatzfreude","02_hero_content.hero_image2.Id":null,"02_hero_content.hero_image1.Id":null,"hero_content_form_benefit2.Content":"","hero_content_form_benefit1.Content":"","hero_content_form_benefit3.Content":"","hero_content_form.Value":"","hero_gallery_enabled.Value":"false","main_heading_hero_cta.Value":"\/kontakt","main_heading_hero_cta.Attribute":"Kontakt","sub_heading_hero.Content":"\u00dcber TURGERLEGAL","main_heading_hero.Content":"Impressum","subheading_contact_form.Content":"Ihre Kanzlei TURGERLEGAL. Immer f&uuml;r Sie da","contact_area_contact_form_phone_text.Content":"","contact_area_contact_form_name_text.Content":"","contact_area_contact_form_message_text.Content":"","contact_area_contact_form_mail_text.Content":"","contact_area_contact_form_button_text.Content":"","contact_form.Value":"1","contact_address.Content":"<div><strong>Kanzlei Berlin<\/strong><\/div>\n<div>Uhlandstra\u00dfe 20-25 (Aufgang 1)<\/div>\n<div>10623 Berlin<\/div>\n<div>Tel.: <a href=\"tel:\/\/+4917677871178\">0176 77 87 11 78<\/a><\/div>\n<div>E-Mail:\u00a0<a href=\"mailto:office@turgerlegal.de\">office@turgerlegal.de<\/a><\/div>\n<div><\/div>\n<div><strong>Kanzlei Essen<\/strong><\/div>\n<div>\n<div>Grugaplatz 2<\/div>\n<div>45131 Essen<\/div>\n<div>Tel.: <a href=\"tel:\/\/+49%20201%2074960001\">+49 201 74960001<\/a><\/div>\n<div>E-Mail: <a href=\"mailto:office@turgerlegal.de\">office@turgerlegal.de<\/a><\/div>\n<\/div>","opening_hours.Content":"Mo. - Fr. 10:00 - 17:00","map.Value":"","heading_contact_form.Content":"Kontakt","telephone.Value":"","e-mail.Value":"","e-mail.Attribute":"","calendly_enabled.Value":"false","contact_image_enabled.Value":"","contact_maps_enabled.Value":"","calendly_url.Value":"","calendly_url.Attribute":"","online_form_name.Content":"","online_form_source.Value":"","testimonial3_customer.Content":"","04_social_proof.testimonial1_image.Id":null,"04_social_proof.testimonial2_image.Id":null,"04_social_proof.testimonial3_image.Id":null,"04_social_proof.google_places_review_image.Id":null,"04_social_proof.social_proof_background_image.Id":null,"heading_social_proof.Content":"","google_places_id2.Value":"","google_places_id.Value":"","testimonial1_customer.Content":"","testimonial1_text.Content":"","testimonial2_customer.Content":"","testimonial3_text.Content":"","testimonial2_text.Content":"","custom_reviews_enabled.Value":"","anwalt_de_widgetcode.Value":"","anwalt_de_enabled.Value":"","google_places_enabled.Value":"","google_places_reviews_enabled2.Value":"","google_places_reviews_enabled.Value":"","google_places_review_url2.Value":"","subheading_social_proof.Content":"","google_places_review_url.Value":"","social_proof_enabled.Value":"true","social_proof_disclaimer.Content":"","benefit_1_text.Content":"","05a_benefit_area.benefit_3_image.Id":null,"05a_benefit_area.benefit_2_image.Id":null,"05a_benefit_area.benefit_1_image.Id":null,"05a_benefit_area_enabled.Value":"true","benefit_heading_enabled.value":"false","benefit_heading.Content":"","benefit_3_text.Content":"","benefit_3_heading.Content":"","benefit_3_icon.Id":"","benefit_2_text.Content":"","benefit_2_heading.Content":"","benefit_2_icon.Id":"","benefit_1_icon.Id":"","benefit_1_heading.Content":"","benefit_1_widgetcode.Content":"","benefit_2_widgetcode.Content":"","benefit_3_widgetcode.Content":"","intro_heading.Content":"IMPRESSUM","intro_text.Content":"<h2>Angaben<\/h2>\n<p>Volkan Erdogan<br>TURGERLEGAL<br>Rechtsanwalt Volkan Erdogan<br>Kurf\u00fcrstendamm 195 <span>(c\/o Regus)<\/span><br>10707 Berlin<\/p>\n<h2>Kontakt<\/h2>\n<p>Telefon: 0176 77 87 11 78<br>E-Mail: office@turgerlegal.de<\/p>\n<h2>Berufsbezeichnung und berufsrechtliche Regelungen<\/h2>\n<p>Berufsbezeichnung:<br>Rechtsanwalt<\/p>\n<p data-pm-slice=\"1 1 []\">Zust\u00e4ndige Kammer des Kanzleisitzes in Essen:<br>Rechtsanwaltskammer Hamm<br>Ostenallee 18, 59063 Hamm<br>Tel. +492381 985000<br><a href=\"mailto:info@rak-hamm.de\">info@rak-hamm.de<\/a><\/p>\n<p>Zust\u00e4ndige Kammer der Zweigstelle in Berlin:<br>Rechtsanwaltskammer Berlin<br>Littenstra\u00dfe 9, 10179 Berlin<br>Tel. (030) 306931-0<br><a href=\"mailto:info@rak-berlin.org\">info@rak-berlin.org<\/a><\/p>\n<p>Zust\u00e4ndige Kammer der Zweigstelle in D\u00fcsseldorf:<br>Rechtsanwaltskammer D\u00fcsseldorf<br>Freiligrathstra\u00dfe 25, 40479 D\u00fcsseldorf<br>Tel. 0211\/49502-0<br><a href=\"mailto:info@rak-dus.de\">info@rak-dus.de<\/a><\/p>\n<p>Verliehen in:<br>Deutschland<\/p>\n<p>Es gelten folgende berufsrechtliche Regelungen:<\/p>\n<p>BRAO \u2013 Bundesrechtsanwaltsordnung vom 01.08.1959 (BGBl. I 1959, 565)<br>einsehbar unter: <a rel=\"noopener noreferrer\" href=\"https:\/\/www.gesetze-im-internet.de\/brao\/\" target=\"_blank\">https:\/\/www.gesetze-im-internet.de\/brao\/<\/a><\/p>\n<p>RVG \u2013 Gesetz \u00fcber die Verg\u00fctung der Rechtsanw\u00e4ltinnen und Rechtsanw\u00e4lte vom 05.05.2004 (BGBl. I S. 718, 788)<br>einsehbar unter: <a rel=\"noopener noreferrer\" href=\"http:\/\/www.gesetze-im-internet.de\/bundesrecht\/rvg\/gesamt.pdf\" target=\"_blank\">http:\/\/www.gesetze-im-internet.de\/bundesrecht\/rvg\/gesamt.pdf<\/a><\/p>\n<p>BORA \u2013 Berufsordnung f\u00fcr Rechtsanw\u00e4lte in der Fassung vom 1.7.2006<br>einsehbar unter: <a rel=\"noopener noreferrer\" href=\"http:\/\/www.brak.de\/fuer-anwaelte\/berufsrecht\/\" target=\"_blank\">http:\/\/www.brak.de\/fuer-anwaelte\/berufsrecht\/<\/a><\/p>\n<p>CCBE \u2013 Berufsregeln der Rechtsanw\u00e4lte der Europ\u00e4ischen Union<br>einsehbar unter: <a rel=\"noopener noreferrer\" href=\"http:\/\/www.brak.de\/w\/files\/02_fuer_anwaelte\/Berufsregeln_Mai%202006_090615.pdf\" target=\"_blank\">http:\/\/www.brak.de\/w\/files\/02_fuer_anwaelte\/Berufsregeln_Mai%202006_090615.pdf<\/a><\/p>\n<h2>Angaben zur Berufs\u00adhaftpflicht\u00adversicherung<\/h2>\n<p><strong>Name und Sitz des Versicherers:<\/strong><br>ERGO Versicherung AG, <br>Thomas-Dehler-Str. 2<br>81737 M\u00fcnchen<\/p>\n<p><strong>Geltungsraum der Versicherung:<\/strong><br>Bundesrepublik Deutschland<\/p>\n<h2>Verbraucher\u00adstreit\u00adbeilegung\/Universal\u00adschlichtungs\u00adstelle<\/h2>\n<p>Wir sind nicht bereit oder verpflichtet, an Streitbeilegungsverfahren vor einer Verbraucherschlichtungsstelle teilzunehmen.<\/p>","intro_gallery_enabled.Value":"false","05a_content_intro_enabled.Value":"true","overview_heading.Content":"","overview_text.Content":"","overview_cta_lead_in.Content":"","overview_cta.Attribute":"","overview_cta.Value":"","05b_content_overview_enabled.Value":"true","detail_heading_opt2.Content":"","05c_content_detail.image_product5.Id":null,"detail_text_opt2.Content":"","detail_call_to_action_enabled.Value":"false","detail_slider_enabled.Value":"false","detail_heading.Content":"","detail_text.Content":"","detail_cta_lead_in.Content":"","detail_cta.Attribute":"","detail_cta.Value":"","detail_heading_opt1.Content":"","detail_text_opt1.Content":"","detail_cta_lead_in_opt1.Content":"","detail_cta_opt1.Attribute":"","detail_cta_opt1.Value":"","05c_content_detail.image_person_slider3.Id":null,"05c_content_detail_enabled.Value":"true","detail_cta_lead_in_opt2.Content":"","detail_cta_opt2.Attribute":"","detail_cta_opt2.Value":"","detail_heading_opt3.Content":"","detail_text_opt3.Content":"","detail_cta_lead_in_opt3.Content":"","05c_content_detail.image_product1.Id":null,"detail_cta_opt3.Attribute":"","05c_content_detail.image_product2.Id":null,"detail_cta_opt3.Value":"","05c_content_detail.image_product3.Id":null,"detail_heading_opt4.Content":"","05c_content_detail.image_product4.Id":null,"detail_cta_opt6.Attribute":"","detail_cta_lead_in_opt4.Content":"","detail_cta_opt4.Attribute":"","05c_content_detail.image_product6.Id":null,"05c_content_detail.image_product7.Id":null,"detail_cta_opt4.Value":"","05c_content_detail.image_product8.Id":null,"05c_content_detail.image_product9.Id":null,"detail_heading_opt5.Content":"","detail_text_opt5.Content":"","detail_cta_lead_in_opt5.Content":"","detail_cta_opt5.Attribute":"","detail_cta_opt5.Value":"","detail_heading_opt6.Content":"","detail_text_opt6.Content":"","detail_cta_opt6.Value":"","detail_text_opt4.Content":"","05c_content_detail.image_staff_1.Id":null,"05c_content_detail.image_staff_2.Id":null,"05c_content_detail.image_staff_3.Id":null,"05c_content_detail.image_staff_4.Id":null,"05c_content_detail.image_staff_5.Id":null,"05c_content_detail.image_staff_6.Id":null,"05c_content_detail.image_person_slider1.Id":null,"05c_content_detail.image_office.Id":null,"detail_cta_lead_in_opt6.Content":"","05c_content_detail.image_person_slider4.Id":null,"05c_content_detail.image_person.Id":null,"05c_content_detail.image_person_slider2.Id":null,"competence_heading.Content":"","competence_text.Content":"","competence_cta_lead_in.Content":"","competence_cta.Attribute":"","competence_cta.Value":"","05d_content_competence_enabled.Value":"true","05d_content_competence.competence_image1.Id":null,"05d_content_competence.competence_image2.Id":null,"services_heading.Content":"","services_text.Content":"","services_cta_lead_in.Content":"","services_cta.Attribute":"","services_cta.Value":"","05e_content_services_enabled.Value":"true","faq_heading.Content":"","question2.Content":"","question3.Content":"","question4.Content":"","question5.Content":"","question6.Content":"","question7.Content":"","question8.Content":"","question9.Content":"","question10.Content":"","question1.Content":"","answer10.Content":"","answer3.Content":"","answer4.Content":"","answer5.Content":"","answer6.Content":"","answer7.Content":"","answer8.Content":"","answer9.Content":"","answer1.Content":"","answer2.Content":"","05f_questions_and_answers_enabled.Value":"true","seoarea1heading.Content":"","seoarea1text.Content":"","seoarea2heading.Content":"","seoarea2text.Content":"","seoarea3heading.Content":"","seoarea3text.Content":"","seoarea4heading.Content":"","seoarea4text.Content":"","05g_seoarea_enabled.Value":"true","06_gallery_related1.gallery_related.TypeEntityName":"","06_gallery_related1.gallery_related.SubHeading":"","06_gallery_related1.gallery_related.Heading":"","06_gallery_related1.background_image.Id":null,"06_gallery_related1.gallery_related.ButtonCtaText":"","06_gallery_related1.gallery_related.ButtonCtaUrl":"","gallery_related1_filterable_tabs_enabled.Value":"false","06_gallery_related1_enabled.Value":"true","06_gallery_related2.gallery_related.TypeEntityName":"","06_gallery_related2.gallery_related.SubHeading":"","06_gallery_related2.gallery_related.Heading":"","06_gallery_related2.background_image.Id":null,"06_gallery_related2.gallery_related.ButtonCtaText":"","06_gallery_related2.gallery_related.ButtonCtaUrl":"","06_gallery_related2_enabled.Value":"true","06_gallery_related3.gallery_related.TypeEntityName":"","06_gallery_related3.gallery_related.SubHeading":"","06_gallery_related3.background_image.Id":null,"06_gallery_related3.gallery_related.ButtonCtaText":"","06_gallery_related3.gallery_related.ButtonCtaUrl":"","06_gallery_related3.gallery_related.Heading":"","06_gallery_related3_enabled.Value":"true","06_gallery_related4.gallery_related.EnityId":"","06_gallery_related4.gallery_related.SubHeading":"","06_gallery_related4.gallery_related.Heading":"","06_gallery_related4.background_image.Id":null,"06_gallery_related4.gallery_related.ButtonCtaText":"","06_gallery_related4.gallery_related.ButtonCtaUrl":"","06_gallery_related4_enabled.Value":"","06_gallery_related5.gallery_related.EnityId":"","06_gallery_related5.gallery_related.SubHeading":"","06_gallery_related5.gallery_related.Heading":"","06_gallery_related5.background_image.Id":null,"06_gallery_related5.gallery_related.ButtonCtaText":"","06_gallery_related5.gallery_related.ButtonCtaUrl":"","06_gallery_related5_enabled.Value":"","instagram_feed.Content":"","toc_heading.Content":"true","heading_call_to_action.Content":"","subheading_call_to_action.Content":"","cta_call_to_action.Attribute":"","cta_call_to_action.Value":"cta_call_to_action.Value","call_to_action_video_enabled.Value":"","video_call_to_action_youtube_url.Value":"","video_call_to_action_youtube_url2.Value":"","06a_home_call_to_action.image_call_to_action.Id":null,"06a_home_call_to_action_enabled.Value":"true","benefit1_call_to_action.Content":"true","benefit2_call_to_action.Content":"true","benefit3_call_to_action.Content":"true","benefit4_call_to_action.Content":"true","footer_contact_address.Content":"  Kanzleisitz \n Grugaplatz 2 (c\/o Regus)  \n  45131 Essen  \n  Tel.: +49 201 74960001  \n  E-Mail:\u00a0office@turgerlegal.de  \n    \n  Zweigstellen \n  \n  Kurf\u00fcrstendamm 195 (c\/o Regus)  \n  10707 Berlin  \n  Tel.: 030 46690580  \n  E-Mail: office@turgerlegal.de  \n  \n  Breite Stra\u00dfe 3 (c\/o Signature by Regus)  \n  40213 D\u00fcsseldorf  \n  E-Mail: office@turgerlegal.de  \n  ","footer_e-mail.Value":"","footer_calendly_url.Value":"","footer_contact_form_from_email.Attribute":"from","linkedin.Value":"https:\/\/www.linkedin.com\/in\/volkan-erdogan-9aa292197\/","linkedin_enabled.Value":"true","instagram_enabled.Value":"false","whatsapp_enabled.Value":"false","whatsapp_number.Value":"https:\/\/wa.me\/+4917677871178","06_gallery_footer1.gallery_related.TypeEntityName":"rechtsgebiete","06_gallery_footer1.gallery_related.Heading":"Rechtsgebiete","06_gallery_footer2.gallery_related.TypeEntityName":"dienstleistungen","footer_subheading_contact_form.Content":"Ihre Kanzlei TURGERLEGAL. Immer f&uuml;r Sie da","instagram_url.Value":"","footer_e-mail.Attribute":"","footer_telephone.Attribute":"","footer_telephone.Value":"","footer_opening_hours.Content":"Mo. - Fr. 10:00 - 17:00","footer_contact_form_enabled.Value":"true","footer_heading_contact_form.Content":"Kontakt","footer_contact_form_name_text.Content":"Ihr Name","footer_contact_form_message_text.Content":"Ihre Nachricht","footer_contact_form_mail_text.Content":"ihre@email.com","footer_contact_form_heading.Content":"<div>Kontakt<\/div>","footer_contact_form_button_text.Content":"Absenden","footer_contact_form_phone_text.Content":"Telefonnummer","06_gallery_footer3.gallery_related.TypeEntityName":"rechtsanwaelte","07_footer.fachanwalt_de_logo.Id":13171,"07_footer.juraforum_de_logo.Id":13170,"07_footer.experten_branchenbuch_de_logo.Id":13169,"footer_opening_hours_heading.Content":"<div>&Ouml;ffnungszeiten<\/div>","footer_contact_form_mailto.Value":"office@turgerlegal.de","footer_contact_form_subject.Content":"Nachricht von der Webseite www.turgerlegal.de","footer_contact_form_bcc.Value":"marcel.zirkel@ommatic.de","footer_contact_form.Value":"1","footer_contact_form_posturl.Value":"https:\/\/eomsyd75moq1mt3.m.pipedream.net","experten_branchenbuch_de_url.Value":"","juraforum_de_url.Value":"","fachanwalt_de_url.Value":"","07_footer.background_image.Id":461,"footer_contact_form_from_email.Value":"marketing@ommatic.de","06_gallery_footer3.gallery_related.Heading":"Rechtsanw\u00e4lte","06_gallery_footer2.gallery_related.Heading":"Dienstleistungen","footer_address_heading.Content":"<div>Adresse<\/div>","emergency_number_heading.Content":"<div>Jederzeit f&uuml;r Sie erreichbar<\/div>","emergency_number.Attribute":"0176 77 87 11 78","emergency_number.Value":"tel:+4917677871178","facebook.Value":"","facebook_enabled.Value":"false","einbock_eintraege_enabled.Value":"false","instagram_url.Attribute":"instagram_url","tb-uid":"1353"},"aioseo_notices":[],"_links":{"self":[{"href":"https:\/\/turgerlegal.de\/en\/wp-json\/wp\/v2\/pages\/480","targetHints":{"allow":["GET"]}}],"collection":[{"href":"https:\/\/turgerlegal.de\/en\/wp-json\/wp\/v2\/pages"}],"about":[{"href":"https:\/\/turgerlegal.de\/en\/wp-json\/wp\/v2\/types\/page"}],"author":[{"embeddable":true,"href":"https:\/\/turgerlegal.de\/en\/wp-json\/wp\/v2\/users\/1"}],"replies":[{"embeddable":true,"href":"https:\/\/turgerlegal.de\/en\/wp-json\/wp\/v2\/comments?post=480"}],"version-history":[{"count":1,"href":"https:\/\/turgerlegal.de\/en\/wp-json\/wp\/v2\/pages\/480\/revisions"}],"predecessor-version":[{"id":67372,"href":"https:\/\/turgerlegal.de\/en\/wp-json\/wp\/v2\/pages\/480\/revisions\/67372"}],"wp:featuredmedia":[{"embeddable":true,"href":"https:\/\/turgerlegal.de\/en\/wp-json\/wp\/v2\/media\/7712"}],"wp:attachment":[{"href":"https:\/\/turgerlegal.de\/en\/wp-json\/wp\/v2\/media?parent=480"}],"curies":[{"name":"wp","href":"https:\/\/api.w.org\/{rel}","templated":true}]}}