{"id":491,"date":"0001-01-01T00:00:00","date_gmt":"0001-01-01T00:00:00","guid":{"rendered":"https:\/\/turgerlegal.de\/tuerkce-sorular-icin\/"},"modified":"2026-04-29T11:21:13","modified_gmt":"2026-04-29T09:21:13","slug":"tuerkce-sorular-icin","status":"publish","type":"page","link":"https:\/\/turgerlegal.de\/tr\/tuerkce-sorular-icin\/","title":{"rendered":"T\u00fcrk\u00e7e sorular i\u00e7in"},"content":{"rendered":"","protected":false},"excerpt":{"rendered":"","protected":false},"author":1,"featured_media":5530,"parent":0,"menu_order":0,"comment_status":"closed","ping_status":"closed","template":"","meta":{"_acf_changed":false,"inline_featured_image":false,"footnotes":""},"class_list":["post-491","page","type-page","status-publish","has-post-thumbnail","hentry"],"acf":{"header_address.Content":"<div>10623 Berlin<\/div>\n<div>Uhlandstra&#223;e 20-25 (Aufgang 1)<\/div>","header_opening_hours.Content":"Mo. - Fr. 10:00 - 17:00","header_phone_number.Content":"<div><a href=\"tel: \">0176 77 87 11 78<br>24h Notfalltelefon<\/a><\/div>","child_entity.Value":"","001_page_meta.page_image10.Id":null,"001_page_meta.page_image9.Id":null,"001_page_meta.page_image8.Id":null,"001_page_meta.page_image7.Id":null,"001_page_meta.page_image6.Id":null,"001_page_meta.page_image5.Id":null,"001_page_meta.page_image4.Id":null,"001_page_meta.page_image3.Id":null,"001_page_meta.page_image2.Id":null,"001_page_meta.page_image1.Id":null,"0001_website_meta.site_logo.Id":458,"galleries_enabled.Value":"true","multi_language_maps_enabled.Value":"false","001_page_meta.featured_image_mobile.Id":5530,"001_page_meta.featured_image.Id":8612,"001_page_meta.content_image_3.Id":474,"001_page_meta.content_image_2.Id":459,"001_page_meta.content_image_1.Id":474,"parent_entity.Value":"","type_entity.Value":"","0001_website_meta.site_logo_inverted.Id":null,"02_hero_content.hero_image3.Id":"","02_hero_content.image_hero_content3.Id":null,"02_hero_content.image_hero_content2.Id":null,"02_hero_content.image_hero_content1.Id":null,"heading_hero_benefit3.Content":"","heading_hero_benefit2.Content":"","heading_hero_benefit1.Content":"","heading_hero_slider.Content":"","02_hero_content.hero_image8.Id":"","02_hero_content.hero_image7.Id":"","02_hero_content.hero_image6.Id":"","02_hero_content.hero_image5.Id":"","02_hero_content.hero_image4.Id":"","top_heading_hero.Content":"TURGERLEGAL - Uzmanl\u0131k. G\u00fcvenilirlik. \u00c7al\u0131\u015fma Azmi","02_hero_content.hero_image2.Id":"","02_hero_content.hero_image1.Id":"","hero_content_form_benefit2.Content":"","hero_content_form_benefit1.Content":"","hero_content_form_benefit3.Content":"","hero_content_form.Value":"","hero_gallery_enabled.Value":"false","main_heading_hero_cta.Value":"\/kontakt","main_heading_hero_cta.Attribute":"Kontakt","sub_heading_hero.Content":"Ticaret ve \u015eirketler Hukuku ile \u0130\u015f Hukuku alanlar\u0131nda sizin avukat\u0131n\u0131z.","main_heading_hero.Content":"Sizin \u0130leti\u015fim \u0130\u00e7in \u0130lgili Muhatap: Volkan Erdo\u011fan","subheading_contact_form.Content":"Ihre Kanzlei TURGERLEGAL. Immer f&uuml;r Sie da","contact_area_contact_form_phone_text.Content":"","contact_area_contact_form_name_text.Content":"","contact_area_contact_form_message_text.Content":"","contact_area_contact_form_mail_text.Content":"","contact_area_contact_form_button_text.Content":"","contact_form.Value":"1","contact_address.Content":"<div><strong>Kanzlei Berlin<\/strong><\/div>\n<div>Uhlandstra\u00dfe 20-25 (Aufgang 1)<\/div>\n<div>10623 Berlin<\/div>\n<div>Tel.: <a href=\"tel:\/\/+4917677871178\">0176 77 87 11 78<\/a><\/div>\n<div>E-Mail:\u00a0<a href=\"mailto:office@turgerlegal.de\">office@turgerlegal.de<\/a><\/div>\n<div><\/div>\n<div><strong>Kanzlei Essen<\/strong><\/div>\n<div>\n<div>Grugaplatz 2<\/div>\n<div>45131 Essen<\/div>\n<div>Tel.: <a href=\"tel:\/\/+49%20201%2074960001\">+49 201 74960001<\/a><\/div>\n<div>E-Mail: <a href=\"mailto:office@turgerlegal.de\">office@turgerlegal.de<\/a><\/div>\n<\/div>","opening_hours.Content":"Mo. - Fr. 10:00 - 17:00","map.Value":"","heading_contact_form.Content":"Kontakt","telephone.Value":"","e-mail.Value":"","e-mail.Attribute":"","calendly_enabled.Value":"false","contact_image_enabled.Value":"","contact_maps_enabled.Value":"","calendly_url.Value":"","calendly_url.Attribute":"","online_form_name.Content":"","online_form_source.Value":"","testimonial3_customer.Content":"","04_social_proof.testimonial1_image.Id":null,"04_social_proof.testimonial2_image.Id":null,"04_social_proof.testimonial3_image.Id":null,"04_social_proof.google_places_review_image.Id":"","04_social_proof.social_proof_background_image.Id":"","heading_social_proof.Content":"","google_places_id2.Value":"","google_places_id.Value":"","testimonial1_customer.Content":"","testimonial1_text.Content":"","testimonial2_customer.Content":"","testimonial3_text.Content":"","testimonial2_text.Content":"","custom_reviews_enabled.Value":"","anwalt_de_widgetcode.Value":"","anwalt_de_enabled.Value":"","google_places_enabled.Value":"","google_places_reviews_enabled2.Value":"","google_places_reviews_enabled.Value":"","google_places_review_url2.Value":"","subheading_social_proof.Content":"","google_places_review_url.Value":"","social_proof_enabled.Value":"true","social_proof_disclaimer.Content":"","benefit_1_text.Content":"","05a_benefit_area.benefit_3_image.Id":"","05a_benefit_area.benefit_2_image.Id":"","05a_benefit_area.benefit_1_image.Id":"","05a_benefit_area_enabled.Value":"true","benefit_heading_enabled.value":"false","benefit_heading.Content":"","benefit_3_text.Content":"","benefit_3_heading.Content":"","benefit_3_icon.Id":"","benefit_2_text.Content":"","benefit_2_heading.Content":"","benefit_2_icon.Id":"","benefit_1_icon.Id":"","benefit_1_heading.Content":"","benefit_1_widgetcode.Content":"","benefit_2_widgetcode.Content":"","benefit_3_widgetcode.Content":"","intro_heading.Content":"","intro_text.Content":"<p>Uzun y\u0131llara dayanan deneyimim ve Ticaret ve \u015eirketler Hukuku ile \u0130\u015f Hukuku alan\u0131ndaki uzmanl\u0131\u011f\u0131m ile size yetkin bir dan\u0131\u015fman olarak hizmet vermekteyim. Amac\u0131m, size m\u00fc\u015fteri ve maliyet odakl\u0131 bir dan\u0131\u015fmanl\u0131k hizmeti sunmak ve hukuki meselelerinizde ba\u015far\u0131yla sizi temsil etmektir.<\/p>\n<p>Sayg\u0131n hukuk firmalar\u0131nda g\u00f6rev alarak geni\u015f bir bilgi birikimi ve y\u00fcksek d\u00fczeyde uzmanl\u0131k kazand\u0131m. G\u00fcvene dayal\u0131 bir i\u015fbirli\u011fi konusunda b\u00fcy\u00fck \u00f6nem atfediyorum ve t\u00fcm sorular\u0131n\u0131z ve endi\u015felerinizle ilgili olarak size yard\u0131mc\u0131 olmaktan mutluluk duyar\u0131m.<\/p>\n<p>Almanca, T\u00fcrk\u00e7e ve \u0130ngilizce dil bilgilerim sayesinde, \u00e7e\u015fitli k\u00fclt\u00fcr \u00e7evrelerinden gelen m\u00fcvekkillerimi kapsaml\u0131 bir \u015fekilde dan\u0131\u015fmanl\u0131k yapabilme ve onlar\u0131n bireysel ihtiya\u00e7lar\u0131n\u0131 anlama yetene\u011fine sahibim.<\/p>\n<p>Web sitemde, hizmetlerim hakk\u0131nda daha fazla bilgi ve hukuki meselelerinizde nas\u0131l yard\u0131mc\u0131 olabilece\u011fim hakk\u0131nda daha fazla bilgi bulabilirsiniz. Bir telefon dan\u0131\u015fmanl\u0131\u011f\u0131 ayarlamak veya daha fazla bilgi almak i\u00e7in ileti\u015fime ge\u00e7mekten \u00e7ekinmeyin. Size yard\u0131mc\u0131 olmay\u0131 d\u00f6rt g\u00f6zle bekliyorum.<\/p>","intro_gallery_enabled.Value":"false","05a_content_intro_enabled.Value":"true","overview_heading.Content":"","overview_text.Content":"","overview_cta_lead_in.Content":"","overview_cta.Attribute":"Kontaktieren Sie uns!","overview_cta.Value":"\/kontakt","05b_content_overview_enabled.Value":"true","detail_heading_opt2.Content":"NO_SHOW","05c_content_detail.image_product5.Id":"","detail_text_opt2.Content":"NO_SHOW","detail_call_to_action_enabled.Value":"false","detail_slider_enabled.Value":"","detail_heading.Content":"","detail_text.Content":"<h3>\u00d6ncelikli Alanlar<\/h3>\n<ul>\n<li>Ticaret ve \u015eirketler Hukuku<\/li>\n<li>\u0130\u015f Hukuku<\/li>\n<li>Medeni Hukuk, Usul Hukuku ve \u0130cra Hukuku<\/li>\n<\/ul>\n<h3>Diller<\/h3>\n<ul>\n<li>Almanca<\/li>\n<li>\u0130ngilizce<\/li>\n<li>T\u00fcrk\u00e7e<\/li>\n<\/ul>\n<h3>Kariyer Yolu<\/h3>\n<ul>\n<li><!--[endif]--><strong>2023'ten beri<\/strong> TURGERLEGAL'de Avukat<\/li>\n<li><strong>2021-2023<\/strong> <span>Morgen &amp; Partner Avukatl\u0131k B\u00fcrosunda<\/span> Avukat<\/li>\n<li><strong>2020-2021<\/strong> Taylor Wessing'de Avukat<\/li>\n<li><strong>2018-2019<\/strong> Linklaters'da Hukuk Stajyeri<\/li>\n<li><strong>2017-2018<\/strong> Arnecke Sibeth Dabelstein'de Bilimsel \u00c7al\u0131\u015fan<\/li>\n<li><strong>2016-2017<\/strong> Flick Gocke Schaumburg'da Bilimsel \u00c7al\u0131\u015fan<\/li>\n<\/ul>\n<h3><span>Ba\u015fka<\/span><\/h3>\n<ul>\n<li>2021'den beri Berliner Fu\u00dfball-Verband e.V. Derne\u011fi Mahkemesi'nde Hakim<\/li>\n<li>Heinrich-B\u00f6ll-Stiftung bursiyeri (\u015fimdi mezun)<\/li>\n<\/ul>","detail_cta_lead_in.Content":"","detail_cta.Attribute":"Kontakt","detail_cta.Value":"\/kontakt","detail_heading_opt1.Content":"NO_SHOW","detail_text_opt1.Content":"NO_SHOW","detail_cta_lead_in_opt1.Content":"NO_SHOW","detail_cta_opt1.Attribute":"NO_SHOW","detail_cta_opt1.Value":"NO_SHOW","05c_content_detail.image_person_slider3.Id":"","05c_content_detail_enabled.Value":"true","detail_cta_lead_in_opt2.Content":"NO_SHOW","detail_cta_opt2.Attribute":"NO_SHOW","detail_cta_opt2.Value":"NO_SHOW","detail_heading_opt3.Content":"NO_SHOW","detail_text_opt3.Content":"NO_SHOW","detail_cta_lead_in_opt3.Content":"NO_SHOW","05c_content_detail.image_product1.Id":"","detail_cta_opt3.Attribute":"NO_SHOW","05c_content_detail.image_product2.Id":"","detail_cta_opt3.Value":"NO_SHOW","05c_content_detail.image_product3.Id":"","detail_heading_opt4.Content":"NO_SHOW","05c_content_detail.image_product4.Id":"","detail_cta_opt6.Attribute":"NO_SHOW","detail_cta_lead_in_opt4.Content":"NO_SHOW","detail_cta_opt4.Attribute":"NO_SHOW","05c_content_detail.image_product6.Id":"","05c_content_detail.image_product7.Id":"","detail_cta_opt4.Value":"NO_SHOW","05c_content_detail.image_product8.Id":"","05c_content_detail.image_product9.Id":null,"detail_heading_opt5.Content":"NO_SHOW","detail_text_opt5.Content":"NO_SHOW","detail_cta_lead_in_opt5.Content":"NO_SHOW","detail_cta_opt5.Attribute":"NO_SHOW","detail_cta_opt5.Value":"NO_SHOW","detail_heading_opt6.Content":"NO_SHOW","detail_text_opt6.Content":"NO_SHOW","detail_cta_opt6.Value":"NO_SHOW","detail_text_opt4.Content":"NO_SHOW","05c_content_detail.image_staff_1.Id":"","05c_content_detail.image_staff_2.Id":"","05c_content_detail.image_staff_3.Id":"","05c_content_detail.image_staff_4.Id":"","05c_content_detail.image_staff_5.Id":null,"05c_content_detail.image_staff_6.Id":"","05c_content_detail.image_person_slider1.Id":"","05c_content_detail.image_office.Id":"","detail_cta_lead_in_opt6.Content":"NO_SHOW","05c_content_detail.image_person_slider4.Id":"","05c_content_detail.image_person.Id":474,"05c_content_detail.image_person_slider2.Id":"","competence_heading.Content":"","competence_text.Content":"","competence_cta_lead_in.Content":"","competence_cta.Attribute":"Jetzt anrufen","competence_cta.Value":"\/kontakt","05d_content_competence_enabled.Value":"true","05d_content_competence.competence_image1.Id":"","05d_content_competence.competence_image2.Id":null,"services_heading.Content":"","services_text.Content":"","services_cta_lead_in.Content":"","services_cta.Attribute":"Kontakt","services_cta.Value":"\/kontakt","05e_content_services_enabled.Value":"true","faq_heading.Content":"<div>H&auml;ufige Fragen (FAQ)<\/div>","question2.Content":"","question3.Content":"","question4.Content":"","question5.Content":"","question6.Content":"","question7.Content":"","question8.Content":"","question9.Content":"","question10.Content":"","question1.Content":"","answer10.Content":"","answer3.Content":"","answer4.Content":"","answer5.Content":"","answer6.Content":"","answer7.Content":"","answer8.Content":"","answer9.Content":"","answer1.Content":"","answer2.Content":"","05f_questions_and_answers_enabled.Value":"true","seoarea1heading.Content":"","seoarea1text.Content":"","seoarea2heading.Content":"","seoarea2text.Content":"","seoarea3heading.Content":"","seoarea3text.Content":"","seoarea4heading.Content":"","seoarea4text.Content":"","05g_seoarea_enabled.Value":"true","06_gallery_related1.gallery_related.TypeEntityName":"rechtsgebiete","06_gallery_related1.gallery_related.SubHeading":"Zugeh\u00f6riges Rechtsgebiet","06_gallery_related1.gallery_related.Heading":"Rechtsgebiet","06_gallery_related1.background_image.Id":459,"06_gallery_related1.gallery_related.ButtonCtaText":"","06_gallery_related1.gallery_related.ButtonCtaUrl":"","gallery_related1_filterable_tabs_enabled.Value":"false","06_gallery_related1_enabled.Value":"true","06_gallery_related2.gallery_related.TypeEntityName":"dienstleistungen","06_gallery_related2.gallery_related.SubHeading":"Dienstleistungen im Rechtgebiet","06_gallery_related2.gallery_related.Heading":"Dienstleistungen","06_gallery_related2.background_image.Id":459,"06_gallery_related2.gallery_related.ButtonCtaText":"","06_gallery_related2.gallery_related.ButtonCtaUrl":"","06_gallery_related2_enabled.Value":"true","06_gallery_related3.gallery_related.TypeEntityName":"","06_gallery_related3.gallery_related.SubHeading":"","06_gallery_related3.background_image.Id":459,"06_gallery_related3.gallery_related.ButtonCtaText":"","06_gallery_related3.gallery_related.ButtonCtaUrl":"","06_gallery_related3.gallery_related.Heading":"","06_gallery_related3_enabled.Value":"false","06_gallery_related4.gallery_related.EnityId":"","06_gallery_related4.gallery_related.SubHeading":"","06_gallery_related4.gallery_related.Heading":"","06_gallery_related4.background_image.Id":"","06_gallery_related4.gallery_related.ButtonCtaText":"","06_gallery_related4.gallery_related.ButtonCtaUrl":"","06_gallery_related4_enabled.Value":"","06_gallery_related5.gallery_related.EnityId":"","06_gallery_related5.gallery_related.SubHeading":"","06_gallery_related5.gallery_related.Heading":"","06_gallery_related5.background_image.Id":"","06_gallery_related5.gallery_related.ButtonCtaText":"","06_gallery_related5.gallery_related.ButtonCtaUrl":"","06_gallery_related5_enabled.Value":"","instagram_feed.Content":"","toc_heading.Content":"true","heading_call_to_action.Content":"Jetzt Anfrage stellen","subheading_call_to_action.Content":"Wir beraten Sie gerne umfassend und pers\u00f6nlich bei Ihrem Anliegen.","cta_call_to_action.Attribute":"Kontakt","cta_call_to_action.Value":"\/kontakt","call_to_action_video_enabled.Value":"","video_call_to_action_youtube_url.Value":"https:\/\/www.youtube.com\/watch?v=","video_call_to_action_youtube_url2.Value":"","06a_home_call_to_action.image_call_to_action.Id":64320,"06a_home_call_to_action_enabled.Value":"false","benefit1_call_to_action.Content":"true","benefit2_call_to_action.Content":"true","benefit3_call_to_action.Content":"true","benefit4_call_to_action.Content":"true","footer_contact_address.Content":"  Kanzleisitz \n Grugaplatz 2 (c\/o Regus)  \n  45131 Essen  \n  Tel.: +49 201 74960001  \n  E-Mail:\u00a0office@turgerlegal.de  \n    \n  Zweigstellen \n  \n  Kurf\u00fcrstendamm 195 (c\/o Regus)  \n  10707 Berlin  \n  Tel.: 030 46690580  \n  E-Mail: office@turgerlegal.de  \n  \n  Breite Stra\u00dfe 3 (c\/o Signature by Regus)  \n  40213 D\u00fcsseldorf  \n  E-Mail: office@turgerlegal.de  \n  ","footer_e-mail.Value":"","footer_calendly_url.Value":"","footer_contact_form_from_email.Attribute":"from","linkedin.Value":"https:\/\/www.linkedin.com\/in\/volkan-erdogan-9aa292197\/","linkedin_enabled.Value":"true","instagram_enabled.Value":"false","whatsapp_enabled.Value":"false","whatsapp_number.Value":"https:\/\/wa.me\/+4917677871178","06_gallery_footer1.gallery_related.TypeEntityName":"rechtsgebiete","06_gallery_footer1.gallery_related.Heading":"Rechtsgebiete","06_gallery_footer2.gallery_related.TypeEntityName":"dienstleistungen","footer_subheading_contact_form.Content":"Ihre Kanzlei TURGERLEGAL. Immer f&uuml;r Sie da","instagram_url.Value":"","footer_e-mail.Attribute":"","footer_telephone.Attribute":"","footer_telephone.Value":"","footer_opening_hours.Content":"Mo. - Fr. 10:00 - 17:00","footer_contact_form_enabled.Value":"true","footer_heading_contact_form.Content":"Kontakt","footer_contact_form_name_text.Content":"Ihr Name","footer_contact_form_message_text.Content":"Ihre Nachricht","footer_contact_form_mail_text.Content":"ihre@email.com","footer_contact_form_heading.Content":"<div>Kontakt<\/div>","footer_contact_form_button_text.Content":"Absenden","footer_contact_form_phone_text.Content":"Telefonnummer","06_gallery_footer3.gallery_related.TypeEntityName":"rechtsanwaelte","07_footer.fachanwalt_de_logo.Id":13171,"07_footer.juraforum_de_logo.Id":13170,"07_footer.experten_branchenbuch_de_logo.Id":13169,"footer_opening_hours_heading.Content":"<div>&Ouml;ffnungszeiten<\/div>","footer_contact_form_mailto.Value":"office@turgerlegal.de","footer_contact_form_subject.Content":"Nachricht von der Webseite www.turgerlegal.de","footer_contact_form_bcc.Value":"marcel.zirkel@ommatic.de","footer_contact_form.Value":"1","footer_contact_form_posturl.Value":"https:\/\/eomsyd75moq1mt3.m.pipedream.net","experten_branchenbuch_de_url.Value":"","juraforum_de_url.Value":"","fachanwalt_de_url.Value":"","07_footer.background_image.Id":454,"footer_contact_form_from_email.Value":"marketing@ommatic.de","06_gallery_footer3.gallery_related.Heading":"Rechtsanw\u00e4lte","06_gallery_footer2.gallery_related.Heading":"Dienstleistungen","footer_address_heading.Content":"<div>Adresse<\/div>","emergency_number_heading.Content":"<div>Jederzeit f&uuml;r Sie erreichbar<\/div>","emergency_number.Attribute":"0176 77 87 11 78","emergency_number.Value":"tel:+4917677871178","facebook.Value":"","facebook_enabled.Value":"false","einbock_eintraege_enabled.Value":"false","instagram_url.Attribute":"instagram_url","tb-uid":"1418"},"aioseo_notices":[],"_links":{"self":[{"href":"https:\/\/turgerlegal.de\/tr\/wp-json\/wp\/v2\/pages\/491","targetHints":{"allow":["GET"]}}],"collection":[{"href":"https:\/\/turgerlegal.de\/tr\/wp-json\/wp\/v2\/pages"}],"about":[{"href":"https:\/\/turgerlegal.de\/tr\/wp-json\/wp\/v2\/types\/page"}],"author":[{"embeddable":true,"href":"https:\/\/turgerlegal.de\/tr\/wp-json\/wp\/v2\/users\/1"}],"replies":[{"embeddable":true,"href":"https:\/\/turgerlegal.de\/tr\/wp-json\/wp\/v2\/comments?post=491"}],"version-history":[{"count":1,"href":"https:\/\/turgerlegal.de\/tr\/wp-json\/wp\/v2\/pages\/491\/revisions"}],"predecessor-version":[{"id":70473,"href":"https:\/\/turgerlegal.de\/tr\/wp-json\/wp\/v2\/pages\/491\/revisions\/70473"}],"wp:featuredmedia":[{"embeddable":true,"href":"https:\/\/turgerlegal.de\/tr\/wp-json\/wp\/v2\/media\/5530"}],"wp:attachment":[{"href":"https:\/\/turgerlegal.de\/tr\/wp-json\/wp\/v2\/media?parent=491"}],"curies":[{"name":"wp","href":"https:\/\/api.w.org\/{rel}","templated":true}]}}